{"id":12127,"date":"2020-07-15T14:26:07","date_gmt":"2020-07-15T12:26:07","guid":{"rendered":"https:\/\/bureau69.com\/website-terms\/"},"modified":"2026-03-01T21:42:24","modified_gmt":"2026-03-01T20:42:24","slug":"website-terms","status":"publish","type":"page","link":"https:\/\/bureau69.com\/it\/website-terms\/","title":{"rendered":"Disclaimer, Policy e Termini di Utilizzo"},"content":{"rendered":"\t\t<div data-elementor-type=\"wp-page\" data-elementor-id=\"12127\" class=\"elementor elementor-12127 elementor-7577\" data-elementor-post-type=\"page\">\n\t\t\t\t<div class=\"elementor-element elementor-element-610e1952 e-flex e-con-boxed e-con e-parent\" data-id=\"610e1952\" data-element_type=\"container\" data-e-type=\"container\">\n\t\t\t\t\t<div class=\"e-con-inner\">\n\t\t\t\t<div class=\"elementor-element elementor-element-390384a3 elementor-widget elementor-widget-text-editor\" data-id=\"390384a3\" data-element_type=\"widget\" data-e-type=\"widget\" data-widget_type=\"text-editor.default\">\n\t\t\t\t<div class=\"elementor-widget-container\">\n\t\t\t\t\t\t\t\t\t<p>Benvenuti su <a href=\"https:\/\/bureau69.com\/\">www.bureau69.com<\/a>, il sito ufficiale dell&#8217;architetto Massimiliano Strano. Questo sito presenta le opere di architettura, un blog informativo sulle normative edilizie in Italia e in Sicilia, commenti e riflessioni nel campo dell&#8217;architettura, oltre a link verso siti di terze parti. Utilizzando questo sito, accetti i seguenti termini e condizioni.<\/p><p><b>Disclaimer<\/b><\/p><p><b>Contenuti<\/b><\/p><p>Il sito <a href=\"https:\/\/bureau69.com\/\">bureau69.com<\/a> espone lavori e contenuti dello studio bureau69 architects, di propriet\u00e0 di Massimiliano Strano, architetto iscritto all\u2019Ordine degli Architetti di Catania, p.iva 05936130870. Le informazioni presenti sono di propriet\u00e0 esclusiva e vengono fornite a solo scopo informativo per i visitatori. Questi contenuti non costituiscono promessa unilaterale e devono essere verificati e adattati al caso specifico prima di essere considerati validi ai fini di scelte relative a progetti, investimenti, valutazioni di natura economica.<\/p><p><b>Blog<\/b><\/p><p>Il blog del sito non viene aggiornato con cadenza regolare, pertanto gli articoli e i post pubblicati non costituiscono attivit\u00e0 editoriale continuativa. Le informazioni e i link presenti sono puramente informativi e non hanno carattere di ufficialit\u00e0. Non ci assumiamo responsabilit\u00e0 per incompletezza, errori o omissioni, n\u00e9 per danni derivanti dall&#8217;uso delle informazioni pubblicate.<\/p><p><b>Policy<\/b><\/p><p><b>Privacy<\/b><\/p><p>Rispettiamo la tua privacy e non raccogliamo dati personali senza il tuo consenso. Le informazioni raccolte tramite moduli di contatto sono utilizzate esclusivamente per rispondere alle tue richieste e non saranno condivise con terze parti senza il tuo esplicito consenso.<\/p><p><b>Cookie<\/b><\/p><p><a href=\"https:\/\/bureau69.com\/\">www.bureau69.com<\/a> utilizza cookie per migliorare l&#8217;esperienza dell&#8217;utente. I cookie sono piccoli file di testo salvati sul tuo dispositivo. Puoi gestire le tue preferenze sui cookie tramite le impostazioni del tuo browser.<\/p><p><b>Termini di Utilizzo<\/b><\/p><p><b>Propriet\u00e0 Intellettuale<\/b><\/p><p>Tutti i contenuti presenti su <a href=\"https:\/\/bureau69.com\/\">bureau69.com<\/a>, inclusi testi, immagini e layout, sono di propriet\u00e0 di Massimiliano Strano e sono protetti dalle leggi sul diritto d&#8217;autore. \u00c8 vietato copiare, riprodurre o distribuire i contenuti senza previa autorizzazione scritta del proprietario.<\/p><p><b>Copyright delle Immagini<\/b><\/p><p>Le immagini presenti su <a href=\"https:\/\/bureau69.com\/\">bureau69.com<\/a> sono protette da copyright. Se ritieni che una tua immagine sia stata utilizzata senza autorizzazione, contattaci immediatamente all&#8217;indirizzo email: bureau@bureau69.com. Se la tua rivendicazione sar\u00e0 ritenuta valida, l&#8217;immagine sar\u00e0 prontamente rimossa.<\/p><p><b>Utilizzo di Immagini Elaborate con Intelligenza Artificiale<\/b><\/p><p>Alcune immagini su <a href=\"https:\/\/bureau69.com\/\">bureau69.com<\/a> possono essere state create o modificate utilizzando tecnologie di intelligenza artificiale. L&#8217;uso di queste immagini rispetta le normative vigenti e le linee guida etiche. Il diritto di autore si ritiene applicabile anche su queste immagini, pertanto l\u2019utilizzo non autorizzato sar\u00e0 perseguito legalmente.<\/p><p><b>Utilizzo del Sito<\/b><\/p><p>L&#8217;uso del sito \u00e8 permesso esclusivamente per scopi legittimi e in conformit\u00e0 con i presenti termini di utilizzo. \u00c8 vietato utilizzare il sito per danneggiare, disabilitare, sovraccaricare o compromettere il sito stesso o interferire con l&#8217;utilizzo del sito da parte di altri utenti.<\/p><p><b>Link a Siti di Terze Parti<\/b><\/p><p>Il sito <a href=\"https:\/\/bureau69.com\/\">bureau69.com<\/a> pu\u00f2 contenere link a siti di terze parti. Questi link sono forniti per comodit\u00e0 e non implicano approvazione o garanzia di tali siti. Non siamo responsabili per i contenuti o le pratiche di privacy di siti di terze parti.<\/p><p><b>Modifiche ai Termini<\/b><\/p><p>Ci riserviamo il diritto di modificare i presenti termini di utilizzo in qualsiasi momento senza preavviso. Le modifiche saranno efficaci dal momento della loro pubblicazione su questa pagina. \u00c8 tua responsabilit\u00e0 controllare periodicamente i termini di utilizzo per eventuali aggiornamenti.<\/p><p><b>Responsabilit\u00e0<\/b><\/p><p><a href=\"https:\/\/bureau69.com\/\">bureau69.com<\/a> e i suoi gestori non sono responsabili per danni causati, direttamente o indirettamente, dall\u2019utilizzo del sito e dalle informazioni in esso contenute.<\/p><p><b>Foro competente<\/b><\/p><p>Qualsiasi controversia derivante dall&#8217;uso del presente sito sar\u00e0 devoluta alla competenza esclusiva del Tribunale di Catania.<\/p><p><b>Contatti<\/b><\/p><p>Per domande o chiarimenti riguardanti i presenti termini di utilizzo, contattaci all&#8217;indirizzo email: bureau@bureau69.com.<\/p><p>Ultimo aggiornamento: [data di oggi]<\/p><p>Grazie per aver visitato <a href=\"https:\/\/bureau69.com\/\">bureau69.com<\/a>.<\/p><p>Massimiliano Strano e il team di Bureau69 architects<\/p>\t\t\t\t\t\t\t\t<\/div>\n\t\t\t\t<\/div>\n\t\t\t\t\t<\/div>\n\t\t\t\t<\/div>\n\t\t\t\t<\/div>\n\t\t","protected":false},"excerpt":{"rendered":"<p>Benvenuti su www.bureau69.com, il sito ufficiale dell&#8217;architetto Massimiliano Strano. Questo sito presenta le opere di architettura, un blog informativo sulle normative edilizie in Italia e in Sicilia, commenti e riflessioni nel campo dell&#8217;architettura, oltre a link verso siti di terze parti. Utilizzando questo sito, accetti i seguenti termini e condizioni. Disclaimer Contenuti Il sito bureau69.com [&hellip;]<\/p>\n","protected":false},"author":1,"featured_media":0,"parent":0,"menu_order":18,"comment_status":"closed","ping_status":"closed","template":"","meta":{"footnotes":""},"class_list":["post-12127","page","type-page","status-publish","hentry"],"_links":{"self":[{"href":"https:\/\/bureau69.com\/it\/wp-json\/wp\/v2\/pages\/12127","targetHints":{"allow":["GET"]}}],"collection":[{"href":"https:\/\/bureau69.com\/it\/wp-json\/wp\/v2\/pages"}],"about":[{"href":"https:\/\/bureau69.com\/it\/wp-json\/wp\/v2\/types\/page"}],"author":[{"embeddable":true,"href":"https:\/\/bureau69.com\/it\/wp-json\/wp\/v2\/users\/1"}],"replies":[{"embeddable":true,"href":"https:\/\/bureau69.com\/it\/wp-json\/wp\/v2\/comments?post=12127"}],"version-history":[{"count":36,"href":"https:\/\/bureau69.com\/it\/wp-json\/wp\/v2\/pages\/12127\/revisions"}],"predecessor-version":[{"id":24795,"href":"https:\/\/bureau69.com\/it\/wp-json\/wp\/v2\/pages\/12127\/revisions\/24795"}],"wp:attachment":[{"href":"https:\/\/bureau69.com\/it\/wp-json\/wp\/v2\/media?parent=12127"}],"curies":[{"name":"wp","href":"https:\/\/api.w.org\/{rel}","templated":true}]}}